{"id":212,"date":"2021-08-09T15:22:40","date_gmt":"2021-08-09T15:22:40","guid":{"rendered":"https:\/\/inmobiliariaabarquillas.com\/?page_id=212"},"modified":"2021-08-16T16:12:11","modified_gmt":"2021-08-16T16:12:11","slug":"duplex","status":"publish","type":"page","link":"https:\/\/inmobiliariaabarquillas.com\/index.php\/duplex\/","title":{"rendered":"Duplex"},"content":{"rendered":"\t\t<div data-elementor-type=\"wp-page\" data-elementor-id=\"212\" class=\"elementor elementor-212\" data-elementor-settings=\"[]\">\n\t\t\t\t\t\t\t<div class=\"elementor-section-wrap\">\n\t\t\t\t\t\t\t<section class=\"elementor-section elementor-top-section elementor-element elementor-element-661d256d elementor-section-full_width elementor-section-height-default elementor-section-height-default\" data-id=\"661d256d\" data-element_type=\"section\">\n\t\t\t\t\t\t<div class=\"elementor-container elementor-column-gap-default\">\n\t\t\t\t\t<div class=\"elementor-column elementor-col-50 elementor-top-column elementor-element elementor-element-2ee36f46\" data-id=\"2ee36f46\" data-element_type=\"column\">\n\t\t\t<div class=\"elementor-widget-wrap elementor-element-populated\">\n\t\t\t\t\t\t\t\t<div class=\"elementor-element elementor-element-2ae370db elementor-widget elementor-widget-heading\" data-id=\"2ae370db\" data-element_type=\"widget\" data-widget_type=\"heading.default\">\n\t\t\t\t<div class=\"elementor-widget-container\">\n\t\t\t<h1 class=\"elementor-heading-title elementor-size-default\"><b>Duplex Villarrobledo <\/b>en PINTOR NU\u00d1EZ CORT\u00c9S <b><\/b><\/h1>\t\t<\/div>\n\t\t\t\t<\/div>\n\t\t\t\t\t<\/div>\n\t\t<\/div>\n\t\t\t\t<div class=\"elementor-column elementor-col-50 elementor-top-column elementor-element elementor-element-3a783789\" data-id=\"3a783789\" data-element_type=\"column\">\n\t\t\t<div class=\"elementor-widget-wrap elementor-element-populated\">\n\t\t\t\t\t\t\t\t<div class=\"elementor-element elementor-element-51ffa827 elementor-widget elementor-widget-text-editor\" data-id=\"51ffa827\" data-element_type=\"widget\" data-widget_type=\"text-editor.default\">\n\t\t\t\t<div class=\"elementor-widget-container\">\n\t\t\t\t\t\t\t\t<p><strong>Duplex totalmente reformado en Villarrobledo con 1 cuarto de ba\u00f1o, 1 cuarto de aseo, cocina, amplio sal\u00f3n, distribuidor y 3 dormitorio<\/strong><\/p>\t\t\t\t\t\t<\/div>\n\t\t\t\t<\/div>\n\t\t\t\t\t<\/div>\n\t\t<\/div>\n\t\t\t\t\t\t\t<\/div>\n\t\t<\/section>\n\t\t\t\t<section class=\"elementor-section elementor-top-section elementor-element elementor-element-13fdcad2 elementor-section-full_width elementor-section-height-default elementor-section-height-default\" data-id=\"13fdcad2\" data-element_type=\"section\">\n\t\t\t\t\t\t<div class=\"elementor-container elementor-column-gap-default\">\n\t\t\t\t\t<div class=\"elementor-column elementor-col-100 elementor-top-column elementor-element elementor-element-9c221c0\" data-id=\"9c221c0\" data-element_type=\"column\">\n\t\t\t<div class=\"elementor-widget-wrap elementor-element-populated\">\n\t\t\t\t\t\t\t\t<div class=\"elementor-element elementor-element-4aad0ca5 elementor-widget elementor-widget-image\" data-id=\"4aad0ca5\" data-element_type=\"widget\" data-settings=\"{&quot;motion_fx_motion_fx_scrolling&quot;:&quot;yes&quot;,&quot;motion_fx_translateY_effect&quot;:&quot;yes&quot;,&quot;motion_fx_translateY_speed&quot;:{&quot;unit&quot;:&quot;px&quot;,&quot;size&quot;:&quot;2&quot;,&quot;sizes&quot;:[]},&quot;motion_fx_devices&quot;:[&quot;desktop&quot;],&quot;motion_fx_translateY_affectedRange&quot;:{&quot;unit&quot;:&quot;%&quot;,&quot;size&quot;:&quot;&quot;,&quot;sizes&quot;:{&quot;start&quot;:0,&quot;end&quot;:100}}}\" data-widget_type=\"image.default\">\n\t\t\t\t<div class=\"elementor-widget-container\">\n\t\t\t\t\t\t\t\t\t\t\t\t\t\t\t<img width=\"1600\" height=\"1200\" src=\"https:\/\/inmobiliariaabarquillas.com\/wp-content\/uploads\/2021\/08\/WhatsApp-Image-2021-08-03-at-13.28.15.jpeg\" class=\"attachment-full size-full\" alt=\"Duplex Villarrobledo\" loading=\"lazy\" srcset=\"https:\/\/inmobiliariaabarquillas.com\/wp-content\/uploads\/2021\/08\/WhatsApp-Image-2021-08-03-at-13.28.15.jpeg 1600w, https:\/\/inmobiliariaabarquillas.com\/wp-content\/uploads\/2021\/08\/WhatsApp-Image-2021-08-03-at-13.28.15-300x225.jpeg 300w, https:\/\/inmobiliariaabarquillas.com\/wp-content\/uploads\/2021\/08\/WhatsApp-Image-2021-08-03-at-13.28.15-1024x768.jpeg 1024w, https:\/\/inmobiliariaabarquillas.com\/wp-content\/uploads\/2021\/08\/WhatsApp-Image-2021-08-03-at-13.28.15-768x576.jpeg 768w, https:\/\/inmobiliariaabarquillas.com\/wp-content\/uploads\/2021\/08\/WhatsApp-Image-2021-08-03-at-13.28.15-1536x1152.jpeg 1536w\" sizes=\"(max-width: 1600px) 100vw, 1600px\" \/>\t\t\t\t\t\t\t\t\t\t\t\t\t\t\t<\/div>\n\t\t\t\t<\/div>\n\t\t\t\t\t<\/div>\n\t\t<\/div>\n\t\t\t\t\t\t\t<\/div>\n\t\t<\/section>\n\t\t\t\t<section class=\"elementor-section elementor-top-section elementor-element elementor-element-4bdc1db7 elementor-section-full_width elementor-section-height-default elementor-section-height-default\" data-id=\"4bdc1db7\" data-element_type=\"section\">\n\t\t\t\t\t\t<div class=\"elementor-container elementor-column-gap-default\">\n\t\t\t\t\t<div class=\"elementor-column elementor-col-100 elementor-top-column elementor-element elementor-element-5c0e65c2\" data-id=\"5c0e65c2\" data-element_type=\"column\" data-settings=\"{&quot;motion_fx_motion_fx_scrolling&quot;:&quot;yes&quot;,&quot;motion_fx_translateX_effect&quot;:&quot;yes&quot;,&quot;motion_fx_translateX_speed&quot;:{&quot;unit&quot;:&quot;px&quot;,&quot;size&quot;:&quot;1&quot;,&quot;sizes&quot;:[]},&quot;motion_fx_translateX_affectedRange&quot;:{&quot;unit&quot;:&quot;%&quot;,&quot;size&quot;:&quot;&quot;,&quot;sizes&quot;:{&quot;start&quot;:&quot;0&quot;,&quot;end&quot;:&quot;50&quot;}},&quot;motion_fx_devices&quot;:[&quot;desktop&quot;,&quot;tablet&quot;]}\">\n\t\t\t<div class=\"elementor-widget-wrap elementor-element-populated\">\n\t\t\t\t\t\t\t\t<div class=\"elementor-element elementor-element-52684f55 elementor-widget-divider--view-line_text elementor-widget-divider--element-align-left elementor-widget elementor-widget-divider\" data-id=\"52684f55\" data-element_type=\"widget\" data-widget_type=\"divider.default\">\n\t\t\t\t<div class=\"elementor-widget-container\">\n\t\t\t\t\t<div class=\"elementor-divider\">\n\t\t\t<span class=\"elementor-divider-separator\">\n\t\t\t\t\t\t\t<span class=\"elementor-divider__text elementor-divider__element\">Nuestro <b>Proyecto<\/b><\/span>\n\t\t\t\t\t\t<\/span>\n\t\t<\/div>\n\t\t\t\t<\/div>\n\t\t\t\t<\/div>\n\t\t\t\t\t<\/div>\n\t\t<\/div>\n\t\t\t\t\t\t\t<\/div>\n\t\t<\/section>\n\t\t\t\t<section class=\"elementor-section elementor-top-section elementor-element elementor-element-2b3efc50 elementor-section-full_width elementor-section-height-default elementor-section-height-default\" data-id=\"2b3efc50\" data-element_type=\"section\">\n\t\t\t\t\t\t<div class=\"elementor-container elementor-column-gap-no\">\n\t\t\t\t\t<div class=\"elementor-column elementor-col-100 elementor-top-column elementor-element elementor-element-793fd410\" data-id=\"793fd410\" data-element_type=\"column\">\n\t\t\t<div class=\"elementor-widget-wrap elementor-element-populated\">\n\t\t\t\t\t\t\t\t<div class=\"elementor-element elementor-element-61c9b902 elementor-skin-carousel elementor-widget elementor-widget-media-carousel\" data-id=\"61c9b902\" data-element_type=\"widget\" data-settings=\"{&quot;space_between&quot;:{&quot;unit&quot;:&quot;px&quot;,&quot;size&quot;:0,&quot;sizes&quot;:[]},&quot;skin&quot;:&quot;carousel&quot;,&quot;effect&quot;:&quot;slide&quot;,&quot;speed&quot;:500,&quot;autoplay&quot;:&quot;yes&quot;,&quot;autoplay_speed&quot;:5000,&quot;loop&quot;:&quot;yes&quot;,&quot;pause_on_hover&quot;:&quot;yes&quot;,&quot;pause_on_interaction&quot;:&quot;yes&quot;,&quot;space_between_tablet&quot;:{&quot;unit&quot;:&quot;px&quot;,&quot;size&quot;:10,&quot;sizes&quot;:[]},&quot;space_between_mobile&quot;:{&quot;unit&quot;:&quot;px&quot;,&quot;size&quot;:10,&quot;sizes&quot;:[]}}\" data-widget_type=\"media-carousel.default\">\n\t\t\t\t<div class=\"elementor-widget-container\">\n\t\t\t\t\t<div class=\"elementor-swiper\">\n\t\t\t<div class=\"elementor-main-swiper swiper-container\">\n\t\t\t\t<div class=\"swiper-wrapper\">\n\t\t\t\t\t\t\t\t\t\t\t<div class=\"swiper-slide\">\n\t\t\t\t\t\t\t\t\t<div class=\"elementor-carousel-image\" style=\"background-image: url(https:\/\/inmobiliariaabarquillas.com\/wp-content\/uploads\/2021\/08\/WhatsApp-Image-2021-08-12-at-15.11.20.jpeg)\">\n\t\t\t\t\t<\/div>\n\t\t\t\t\t\t\t\t<\/div>\n\t\t\t\t\t\t\t\t\t\t\t<div class=\"swiper-slide\">\n\t\t\t\t\t\t\t\t\t<div class=\"elementor-carousel-image\" style=\"background-image: url(https:\/\/inmobiliariaabarquillas.com\/wp-content\/uploads\/2021\/07\/IMG-20201222-WA0003-rotated.jpg)\">\n\t\t\t\t\t<\/div>\n\t\t\t\t\t\t\t\t<\/div>\n\t\t\t\t\t\t\t\t\t\t\t<div class=\"swiper-slide\">\n\t\t\t\t\t\t\t\t\t<div class=\"elementor-carousel-image\" style=\"background-image: url(https:\/\/inmobiliariaabarquillas.com\/wp-content\/uploads\/2021\/07\/IMG-20201119-WA0020-rotated.jpg)\">\n\t\t\t\t\t<\/div>\n\t\t\t\t\t\t\t\t<\/div>\n\t\t\t\t\t\t\t\t\t\t\t<div class=\"swiper-slide\">\n\t\t\t\t\t\t\t\t\t<div class=\"elementor-carousel-image\" style=\"background-image: url(https:\/\/inmobiliariaabarquillas.com\/wp-content\/uploads\/2021\/07\/IMG-20201119-WA0017-rotated.jpg)\">\n\t\t\t\t\t<\/div>\n\t\t\t\t\t\t\t\t<\/div>\n\t\t\t\t\t\t\t\t\t\t\t<div class=\"swiper-slide\">\n\t\t\t\t\t\t\t\t\t<div class=\"elementor-carousel-image\" style=\"background-image: url(https:\/\/inmobiliariaabarquillas.com\/wp-content\/uploads\/2021\/07\/IMG-20201222-WA0004-rotated.jpg)\">\n\t\t\t\t\t<\/div>\n\t\t\t\t\t\t\t\t<\/div>\n\t\t\t\t\t\t\t\t\t\t\t<div class=\"swiper-slide\">\n\t\t\t\t\t\t\t\t\t<div class=\"elementor-carousel-image\" style=\"background-image: url(https:\/\/inmobiliariaabarquillas.com\/wp-content\/uploads\/2021\/07\/IMG-20201119-WA0015.jpg)\">\n\t\t\t\t\t<\/div>\n\t\t\t\t\t\t\t\t<\/div>\n\t\t\t\t\t\t\t\t\t\t\t<div class=\"swiper-slide\">\n\t\t\t\t\t\t\t\t\t<div class=\"elementor-carousel-image\" style=\"background-image: url(https:\/\/inmobiliariaabarquillas.com\/wp-content\/uploads\/2021\/07\/IMG-20201119-WA0018.jpg)\">\n\t\t\t\t\t<\/div>\n\t\t\t\t\t\t\t\t<\/div>\n\t\t\t\t\t\t\t\t\t\t\t<div class=\"swiper-slide\">\n\t\t\t\t\t\t\t\t\t<div class=\"elementor-carousel-image\" style=\"background-image: url(https:\/\/inmobiliariaabarquillas.com\/wp-content\/uploads\/2021\/07\/IMG-20201119-WA0022-rotated.jpg)\">\n\t\t\t\t\t<\/div>\n\t\t\t\t\t\t\t\t<\/div>\n\t\t\t\t\t\t\t\t\t\t\t<div class=\"swiper-slide\">\n\t\t\t\t\t\t\t\t\t<div class=\"elementor-carousel-image\" style=\"background-image: url(https:\/\/inmobiliariaabarquillas.com\/wp-content\/uploads\/2021\/07\/IMG-20201119-WA0029.jpg)\">\n\t\t\t\t\t<\/div>\n\t\t\t\t\t\t\t\t<\/div>\n\t\t\t\t\t\t\t\t\t<\/div>\n\t\t\t\t\t\t\t\t\t\t\t\t\t\t\t\t\t\t\t\t\t<\/div>\n\t\t<\/div>\n\t\t\t\t<\/div>\n\t\t\t\t<\/div>\n\t\t\t\t\t<\/div>\n\t\t<\/div>\n\t\t\t\t\t\t\t<\/div>\n\t\t<\/section>\n\t\t\t\t<section class=\"elementor-section elementor-top-section elementor-element elementor-element-1f531682 elementor-section-content-middle elementor-section-boxed elementor-section-height-default elementor-section-height-default\" data-id=\"1f531682\" data-element_type=\"section\" data-settings=\"{&quot;background_background&quot;:&quot;classic&quot;}\">\n\t\t\t\t\t\t<div class=\"elementor-container elementor-column-gap-default\">\n\t\t\t\t\t<div class=\"elementor-column elementor-col-100 elementor-top-column elementor-element elementor-element-2e8f943f\" data-id=\"2e8f943f\" data-element_type=\"column\" data-settings=\"{&quot;background_background&quot;:&quot;classic&quot;}\">\n\t\t\t<div class=\"elementor-widget-wrap elementor-element-populated\">\n\t\t\t\t\t\t\t\t<div class=\"elementor-element elementor-element-4340e7a3 elementor-widget elementor-widget-heading\" data-id=\"4340e7a3\" data-element_type=\"widget\" data-widget_type=\"heading.default\">\n\t\t\t\t<div class=\"elementor-widget-container\">\n\t\t\t<h1 class=\"elementor-heading-title elementor-size-default\">IM\u00c1GENES DEL DUPLEX<\/h1>\t\t<\/div>\n\t\t\t\t<\/div>\n\t\t\t\t<div class=\"elementor-element elementor-element-55f7139a elementor-widget elementor-widget-text-editor\" data-id=\"55f7139a\" data-element_type=\"widget\" data-widget_type=\"text-editor.default\">\n\t\t\t\t<div class=\"elementor-widget-container\">\n\t\t\t\t\t\t\t\t<p>DUPLEX EN VILLARROBLEDO<\/p>\t\t\t\t\t\t<\/div>\n\t\t\t\t<\/div>\n\t\t\t\t\t<\/div>\n\t\t<\/div>\n\t\t\t\t\t\t\t<\/div>\n\t\t<\/section>\n\t\t\t\t<section class=\"elementor-section elementor-top-section elementor-element elementor-element-f5dc539 elementor-section-full_width elementor-section-height-min-height elementor-section-items-stretch elementor-section-content-middle elementor-section-height-default\" data-id=\"f5dc539\" data-element_type=\"section\" data-settings=\"{&quot;background_background&quot;:&quot;classic&quot;}\">\n\t\t\t\t\t\t<div class=\"elementor-container elementor-column-gap-no\">\n\t\t\t\t\t<div class=\"elementor-column elementor-col-50 elementor-top-column elementor-element elementor-element-a77eabb\" data-id=\"a77eabb\" data-element_type=\"column\" data-settings=\"{&quot;background_background&quot;:&quot;none&quot;}\">\n\t\t\t<div class=\"elementor-widget-wrap elementor-element-populated\">\n\t\t\t\t\t\t\t\t<div class=\"elementor-element elementor-element-2cdeb8f elementor-widget elementor-widget-heading\" data-id=\"2cdeb8f\" data-element_type=\"widget\" data-widget_type=\"heading.default\">\n\t\t\t\t<div class=\"elementor-widget-container\">\n\t\t\t<h2 class=\"elementor-heading-title elementor-size-default\">Localizaci\u00f3n de la casa.<\/h2>\t\t<\/div>\n\t\t\t\t<\/div>\n\t\t\t\t<div class=\"elementor-element elementor-element-8a53d20 elementor-widget-divider--view-line elementor-widget elementor-widget-divider\" data-id=\"8a53d20\" data-element_type=\"widget\" data-widget_type=\"divider.default\">\n\t\t\t\t<div class=\"elementor-widget-container\">\n\t\t\t\t\t<div class=\"elementor-divider\">\n\t\t\t<span class=\"elementor-divider-separator\">\n\t\t\t\t\t\t<\/span>\n\t\t<\/div>\n\t\t\t\t<\/div>\n\t\t\t\t<\/div>\n\t\t\t\t\t<\/div>\n\t\t<\/div>\n\t\t\t\t<div class=\"elementor-column elementor-col-50 elementor-top-column elementor-element elementor-element-b046c82\" data-id=\"b046c82\" data-element_type=\"column\" data-settings=\"{&quot;background_background&quot;:&quot;classic&quot;}\">\n\t\t\t<div class=\"elementor-widget-wrap elementor-element-populated\">\n\t\t\t\t\t<div class=\"elementor-background-overlay\"><\/div>\n\t\t\t\t\t\t\t\t<div class=\"elementor-element elementor-element-b00b291 elementor-widget elementor-widget-google_maps\" data-id=\"b00b291\" data-element_type=\"widget\" data-widget_type=\"google_maps.default\">\n\t\t\t\t<div class=\"elementor-widget-container\">\n\t\t\t\t\t<div class=\"elementor-custom-embed\">\n\t\t\t<iframe frameborder=\"0\" scrolling=\"no\" marginheight=\"0\" marginwidth=\"0\" src=\"https:\/\/maps.google.com\/maps?q=Calle%20Pintor%20Nu%C3%B1ez%20Cort%C3%A9s%20N%C2%BA%203&amp;t=m&amp;z=10&amp;output=embed&amp;iwloc=near\" title=\"%3$s\" aria-label=\"%3$s\"><\/iframe>\n\t\t<\/div>\n\t\t\t\t<\/div>\n\t\t\t\t<\/div>\n\t\t\t\t\t<\/div>\n\t\t<\/div>\n\t\t\t\t\t\t\t<\/div>\n\t\t<\/section>\n\t\t\t\t<section class=\"elementor-section elementor-top-section elementor-element elementor-element-fb4fb52 elementor-section-boxed elementor-section-height-default elementor-section-height-default\" data-id=\"fb4fb52\" data-element_type=\"section\">\n\t\t\t\t\t\t<div class=\"elementor-container elementor-column-gap-default\">\n\t\t\t\t\t<div class=\"elementor-column elementor-col-100 elementor-top-column elementor-element elementor-element-5e84a05\" data-id=\"5e84a05\" data-element_type=\"column\">\n\t\t\t<div class=\"elementor-widget-wrap elementor-element-populated\">\n\t\t\t\t\t\t\t\t<div class=\"elementor-element elementor-element-038b0d4 elementor-widget elementor-widget-image\" data-id=\"038b0d4\" data-element_type=\"widget\" data-widget_type=\"image.default\">\n\t\t\t\t<div class=\"elementor-widget-container\">\n\t\t\t\t\t\t\t\t\t\t\t\t\t\t\t<img width=\"756\" height=\"840\" src=\"https:\/\/inmobiliariaabarquillas.com\/wp-content\/uploads\/2021\/08\/flor.png\" class=\"attachment-large size-large\" alt=\"villarrobledo\" loading=\"lazy\" srcset=\"https:\/\/inmobiliariaabarquillas.com\/wp-content\/uploads\/2021\/08\/flor.png 756w, https:\/\/inmobiliariaabarquillas.com\/wp-content\/uploads\/2021\/08\/flor-270x300.png 270w\" sizes=\"(max-width: 756px) 100vw, 756px\" \/>\t\t\t\t\t\t\t\t\t\t\t\t\t\t\t<\/div>\n\t\t\t\t<\/div>\n\t\t\t\t\t<\/div>\n\t\t<\/div>\n\t\t\t\t\t\t\t<\/div>\n\t\t<\/section>\n\t\t\t\t\t\t<\/div>\n\t\t\t\t\t<\/div>\n\t\t","protected":false},"excerpt":{"rendered":"<p>Duplex Villarrobledo en PINTOR NU\u00d1EZ CORT\u00c9S Duplex totalmente reformado en Villarrobledo con 1 cuarto de ba\u00f1o, 1 cuarto de aseo, cocina, amplio sal\u00f3n, distribuidor y 3 dormitorio Nuestro Proyecto IM\u00c1GENES DEL DUPLEX DUPLEX EN VILLARROBLEDO Localizaci\u00f3n de la casa.<\/p>\n","protected":false},"author":1,"featured_media":0,"parent":0,"menu_order":0,"comment_status":"closed","ping_status":"closed","template":"","meta":[],"yoast_head":"<!-- This site is optimized with the Yoast SEO plugin v16.8 - https:\/\/yoast.com\/wordpress\/plugins\/seo\/ -->\n<title>Duplex Villarrobledo - Inmobiliaria Abarquillas Villarrobledo<\/title>\n<meta name=\"description\" content=\"Duplex en Villarrobledo totalmente reformado en Villarrobledo con 1 cuarto de ba\u00f1o, 1 cuarto de aseo, cocina, amplio sal\u00f3n, distribuidor y 3 dormitorios,\" \/>\n<meta name=\"robots\" content=\"index, follow, max-snippet:-1, max-image-preview:large, max-video-preview:-1\" \/>\n<link rel=\"canonical\" href=\"https:\/\/inmobiliariaabarquillas.com\/index.php\/duplex\/\" \/>\n<meta property=\"og:locale\" content=\"es_ES\" \/>\n<meta property=\"og:type\" content=\"article\" \/>\n<meta property=\"og:title\" content=\"Duplex Villarrobledo - Inmobiliaria Abarquillas Villarrobledo\" \/>\n<meta property=\"og:description\" content=\"Duplex en Villarrobledo totalmente reformado en Villarrobledo con 1 cuarto de ba\u00f1o, 1 cuarto de aseo, cocina, amplio sal\u00f3n, distribuidor y 3 dormitorios,\" \/>\n<meta property=\"og:url\" content=\"https:\/\/inmobiliariaabarquillas.com\/index.php\/duplex\/\" \/>\n<meta property=\"og:site_name\" content=\"Abarquillas\" \/>\n<meta property=\"article:modified_time\" content=\"2021-08-16T16:12:11+00:00\" \/>\n<meta property=\"og:image\" content=\"https:\/\/inmobiliariaabarquillas.com\/wp-content\/uploads\/2021\/08\/WhatsApp-Image-2021-08-03-at-13.28.15.jpeg\" \/>\n<meta name=\"twitter:card\" content=\"summary_large_image\" \/>\n<meta name=\"twitter:label1\" content=\"Tiempo de lectura\" \/>\n\t<meta name=\"twitter:data1\" content=\"1 minuto\" \/>\n<script type=\"application\/ld+json\" class=\"yoast-schema-graph\">{\"@context\":\"https:\/\/schema.org\",\"@graph\":[{\"@type\":\"WebSite\",\"@id\":\"https:\/\/inmobiliariaabarquillas.com\/#website\",\"url\":\"https:\/\/inmobiliariaabarquillas.com\/\",\"name\":\"Abarquillas\",\"description\":\"Otro sitio realizado con WordPress\",\"potentialAction\":[{\"@type\":\"SearchAction\",\"target\":{\"@type\":\"EntryPoint\",\"urlTemplate\":\"https:\/\/inmobiliariaabarquillas.com\/?s={search_term_string}\"},\"query-input\":\"required name=search_term_string\"}],\"inLanguage\":\"es\"},{\"@type\":\"ImageObject\",\"@id\":\"https:\/\/inmobiliariaabarquillas.com\/index.php\/duplex\/#primaryimage\",\"inLanguage\":\"es\",\"url\":\"https:\/\/inmobiliariaabarquillas.com\/wp-content\/uploads\/2021\/08\/WhatsApp-Image-2021-08-03-at-13.28.15.jpeg\",\"contentUrl\":\"https:\/\/inmobiliariaabarquillas.com\/wp-content\/uploads\/2021\/08\/WhatsApp-Image-2021-08-03-at-13.28.15.jpeg\",\"width\":1600,\"height\":1200,\"caption\":\"Duplex Villarrobledo\"},{\"@type\":\"WebPage\",\"@id\":\"https:\/\/inmobiliariaabarquillas.com\/index.php\/duplex\/#webpage\",\"url\":\"https:\/\/inmobiliariaabarquillas.com\/index.php\/duplex\/\",\"name\":\"Duplex Villarrobledo - Inmobiliaria Abarquillas Villarrobledo\",\"isPartOf\":{\"@id\":\"https:\/\/inmobiliariaabarquillas.com\/#website\"},\"primaryImageOfPage\":{\"@id\":\"https:\/\/inmobiliariaabarquillas.com\/index.php\/duplex\/#primaryimage\"},\"datePublished\":\"2021-08-09T15:22:40+00:00\",\"dateModified\":\"2021-08-16T16:12:11+00:00\",\"description\":\"Duplex en Villarrobledo totalmente reformado en Villarrobledo con 1 cuarto de ba\\u00f1o, 1 cuarto de aseo, cocina, amplio sal\\u00f3n, distribuidor y 3 dormitorios,\",\"breadcrumb\":{\"@id\":\"https:\/\/inmobiliariaabarquillas.com\/index.php\/duplex\/#breadcrumb\"},\"inLanguage\":\"es\",\"potentialAction\":[{\"@type\":\"ReadAction\",\"target\":[\"https:\/\/inmobiliariaabarquillas.com\/index.php\/duplex\/\"]}]},{\"@type\":\"BreadcrumbList\",\"@id\":\"https:\/\/inmobiliariaabarquillas.com\/index.php\/duplex\/#breadcrumb\",\"itemListElement\":[{\"@type\":\"ListItem\",\"position\":1,\"name\":\"Portada\",\"item\":\"https:\/\/inmobiliariaabarquillas.com\/\"},{\"@type\":\"ListItem\",\"position\":2,\"name\":\"Duplex\"}]}]}<\/script>\n<!-- \/ Yoast SEO plugin. -->","yoast_head_json":{"title":"Duplex Villarrobledo - Inmobiliaria Abarquillas Villarrobledo","description":"Duplex en Villarrobledo totalmente reformado en Villarrobledo con 1 cuarto de ba\u00f1o, 1 cuarto de aseo, cocina, amplio sal\u00f3n, distribuidor y 3 dormitorios,","robots":{"index":"index","follow":"follow","max-snippet":"max-snippet:-1","max-image-preview":"max-image-preview:large","max-video-preview":"max-video-preview:-1"},"canonical":"https:\/\/inmobiliariaabarquillas.com\/index.php\/duplex\/","og_locale":"es_ES","og_type":"article","og_title":"Duplex Villarrobledo - Inmobiliaria Abarquillas Villarrobledo","og_description":"Duplex en Villarrobledo totalmente reformado en Villarrobledo con 1 cuarto de ba\u00f1o, 1 cuarto de aseo, cocina, amplio sal\u00f3n, distribuidor y 3 dormitorios,","og_url":"https:\/\/inmobiliariaabarquillas.com\/index.php\/duplex\/","og_site_name":"Abarquillas","article_modified_time":"2021-08-16T16:12:11+00:00","og_image":[{"url":"https:\/\/inmobiliariaabarquillas.com\/wp-content\/uploads\/2021\/08\/WhatsApp-Image-2021-08-03-at-13.28.15.jpeg"}],"twitter_card":"summary_large_image","twitter_misc":{"Tiempo de lectura":"1 minuto"},"schema":{"@context":"https:\/\/schema.org","@graph":[{"@type":"WebSite","@id":"https:\/\/inmobiliariaabarquillas.com\/#website","url":"https:\/\/inmobiliariaabarquillas.com\/","name":"Abarquillas","description":"Otro sitio realizado con WordPress","potentialAction":[{"@type":"SearchAction","target":{"@type":"EntryPoint","urlTemplate":"https:\/\/inmobiliariaabarquillas.com\/?s={search_term_string}"},"query-input":"required name=search_term_string"}],"inLanguage":"es"},{"@type":"ImageObject","@id":"https:\/\/inmobiliariaabarquillas.com\/index.php\/duplex\/#primaryimage","inLanguage":"es","url":"https:\/\/inmobiliariaabarquillas.com\/wp-content\/uploads\/2021\/08\/WhatsApp-Image-2021-08-03-at-13.28.15.jpeg","contentUrl":"https:\/\/inmobiliariaabarquillas.com\/wp-content\/uploads\/2021\/08\/WhatsApp-Image-2021-08-03-at-13.28.15.jpeg","width":1600,"height":1200,"caption":"Duplex Villarrobledo"},{"@type":"WebPage","@id":"https:\/\/inmobiliariaabarquillas.com\/index.php\/duplex\/#webpage","url":"https:\/\/inmobiliariaabarquillas.com\/index.php\/duplex\/","name":"Duplex Villarrobledo - Inmobiliaria Abarquillas Villarrobledo","isPartOf":{"@id":"https:\/\/inmobiliariaabarquillas.com\/#website"},"primaryImageOfPage":{"@id":"https:\/\/inmobiliariaabarquillas.com\/index.php\/duplex\/#primaryimage"},"datePublished":"2021-08-09T15:22:40+00:00","dateModified":"2021-08-16T16:12:11+00:00","description":"Duplex en Villarrobledo totalmente reformado en Villarrobledo con 1 cuarto de ba\u00f1o, 1 cuarto de aseo, cocina, amplio sal\u00f3n, distribuidor y 3 dormitorios,","breadcrumb":{"@id":"https:\/\/inmobiliariaabarquillas.com\/index.php\/duplex\/#breadcrumb"},"inLanguage":"es","potentialAction":[{"@type":"ReadAction","target":["https:\/\/inmobiliariaabarquillas.com\/index.php\/duplex\/"]}]},{"@type":"BreadcrumbList","@id":"https:\/\/inmobiliariaabarquillas.com\/index.php\/duplex\/#breadcrumb","itemListElement":[{"@type":"ListItem","position":1,"name":"Portada","item":"https:\/\/inmobiliariaabarquillas.com\/"},{"@type":"ListItem","position":2,"name":"Duplex"}]}]}},"_links":{"self":[{"href":"https:\/\/inmobiliariaabarquillas.com\/index.php\/wp-json\/wp\/v2\/pages\/212"}],"collection":[{"href":"https:\/\/inmobiliariaabarquillas.com\/index.php\/wp-json\/wp\/v2\/pages"}],"about":[{"href":"https:\/\/inmobiliariaabarquillas.com\/index.php\/wp-json\/wp\/v2\/types\/page"}],"author":[{"embeddable":true,"href":"https:\/\/inmobiliariaabarquillas.com\/index.php\/wp-json\/wp\/v2\/users\/1"}],"replies":[{"embeddable":true,"href":"https:\/\/inmobiliariaabarquillas.com\/index.php\/wp-json\/wp\/v2\/comments?post=212"}],"version-history":[{"count":29,"href":"https:\/\/inmobiliariaabarquillas.com\/index.php\/wp-json\/wp\/v2\/pages\/212\/revisions"}],"predecessor-version":[{"id":397,"href":"https:\/\/inmobiliariaabarquillas.com\/index.php\/wp-json\/wp\/v2\/pages\/212\/revisions\/397"}],"wp:attachment":[{"href":"https:\/\/inmobiliariaabarquillas.com\/index.php\/wp-json\/wp\/v2\/media?parent=212"}],"curies":[{"name":"wp","href":"https:\/\/api.w.org\/{rel}","templated":true}]}}